{"id":165,"date":"2023-11-01T21:08:06","date_gmt":"2023-11-01T18:08:06","guid":{"rendered":"https:\/\/ayelen.com.tr\/?page_id=165"},"modified":"2023-11-06T16:13:54","modified_gmt":"2023-11-06T13:13:54","slug":"hizmetlerimiz","status":"publish","type":"page","link":"https:\/\/ayelen.com.tr\/en\/hizmetlerimiz\/","title":{"rendered":"OUR SERVICES"},"content":{"rendered":"<div data-elementor-type=\"wp-page\" data-elementor-id=\"165\" class=\"elementor elementor-165\" data-elementor-settings=\"[]\">\n\t\t\t\t\t\t\t<div class=\"elementor-section-wrap\">\n\t\t\t\t\t\t\t<section class=\"elementor-section elementor-top-section elementor-element elementor-element-ad0dace elementor-section-stretched tm-column-break-ipad-no tm-col-stretched-none elementor-section-boxed elementor-section-height-default elementor-section-height-default\" data-id=\"ad0dace\" data-element_type=\"section\" data-settings=\"{&quot;stretch_section&quot;:&quot;section-stretched&quot;,&quot;background_background&quot;:&quot;classic&quot;}\">\n\t\t\t\t\t\t\t<div class=\"elementor-background-overlay\"><\/div>\n\t\t\t\t\t\t\t<div class=\"elementor-container elementor-column-gap-default\">\n\t\t\t\t\t<div class=\"elementor-column elementor-col-100 elementor-top-column elementor-element elementor-element-320d69b\" data-id=\"320d69b\" data-element_type=\"column\">\n\t\t\t<div class=\"elementor-widget-wrap elementor-element-populated\">\n\t\t\t\t\t\t\t\t<div class=\"elementor-element elementor-element-1e2b52b tm-align-center elementor-widget elementor-widget-tm_heading\" data-id=\"1e2b52b\" data-element_type=\"widget\" data-widget_type=\"tm_heading.default\">\n\t\t\t\t<div class=\"elementor-widget-container\">\n\t\t\t<div class=\"tm-element-heading-content-wrapper center-align  tm-seperator-solid  tm-heading-style-vertical\"><div class=\"tm-content-header\"><h2 class=\"tm-element-content-heading\">\n\t\t\t\tFields of Activity\n\t\t\t<\/h2>\n\t\t<\/div><\/div>\t\t<\/div>\n\t\t\t\t<\/div>\n\t\t\t\t<section class=\"elementor-section elementor-inner-section elementor-element elementor-element-cee5f68 tm-column-break-ipad-no tm-col-stretched-none elementor-section-boxed elementor-section-height-default elementor-section-height-default\" data-id=\"cee5f68\" data-element_type=\"section\">\n\t\t\t\t\t\t<div class=\"elementor-container elementor-column-gap-default\">\n\t\t\t\t\t<div class=\"elementor-column elementor-col-33 elementor-inner-column elementor-element elementor-element-509006c\" data-id=\"509006c\" data-element_type=\"column\">\n\t\t\t<div class=\"elementor-widget-wrap elementor-element-populated\">\n\t\t\t\t\t\t\t\t<div class=\"elementor-element elementor-element-ddda23b elementor-widget elementor-widget-tm_icon_heading\" data-id=\"ddda23b\" data-element_type=\"widget\" data-widget_type=\"tm_icon_heading.default\">\n\t\t\t\t<div class=\"elementor-widget-container\">\n\t\t\t\r\n<div class=\"themetechmount-iconbox themetechmount-iconbox-style21 themetechmount-iconcolor-skincolor\">\r\n<div class=\"themetechmount-iconbox-inner\">\r\n\t\t<div class=\"tm-iconbox-wrapper\">\r\n\t\t\t<div class=\"themetechmount-iconbox-heading\">\r\n\t\t\t\t<h2 class=\"tm-custom-heading\">\n\t\t\t\t\t\n\t\t\t\t\t\tWeak Current Systems\n\t\t\t\t\t\n\t\t\t\t\t<\/h2>\n\t\t\t\t\t\t\t\t<h4 class=\"tm-element-subheading\">\n\t\t\t\t\t\n\t\t\t\t\t\t\" Structural Wiring <br>\n\" Data and Telephone Installations<br>\n\" CCTV System<br>\n\" Voice Call and Emergency Announcement System<br>\n\" Fire Detection System<br>\n\" Access Control and Security System<br>\n\" Building Automation and Intelligent Building Systems<br>\n\" Intercom and Call System\n\n\t\t\t\t\t\n\t\t\t\t\t<\/h4>\n\t\t\t\t\t\t\t\t\t\t\t\t\t\t\t<\/div>\t\r\n\t\t\t\r\n\t\t<\/div>\r\n\t<\/div>\t\r\n<\/div>\r\n\t\t<\/div>\n\t\t\t\t<\/div>\n\t\t\t\t\t<\/div>\n\t\t<\/div>\n\t\t\t\t<div class=\"elementor-column elementor-col-33 elementor-inner-column elementor-element elementor-element-b5fd72c\" data-id=\"b5fd72c\" data-element_type=\"column\">\n\t\t\t<div class=\"elementor-widget-wrap elementor-element-populated\">\n\t\t\t\t\t\t\t\t<div class=\"elementor-element elementor-element-c704c0f elementor-widget elementor-widget-tm_icon_heading\" data-id=\"c704c0f\" data-element_type=\"widget\" data-widget_type=\"tm_icon_heading.default\">\n\t\t\t\t<div class=\"elementor-widget-container\">\n\t\t\t\r\n<div class=\"themetechmount-iconbox themetechmount-iconbox-style21 themetechmount-iconcolor-skincolor\">\r\n<div class=\"themetechmount-iconbox-inner\">\r\n\t\t<div class=\"tm-iconbox-wrapper\">\r\n\t\t\t<div class=\"themetechmount-iconbox-heading\">\r\n\t\t\t\t<h2 class=\"tm-custom-heading\">\n\t\t\t\t\t\n\t\t\t\t\t\tLow Voltage Energy Distribution Systems\n\t\t\t\t\t\n\t\t\t\t\t<\/h2>\n\t\t\t\t\t\t\t\t<h4 class=\"tm-element-subheading\">\n\t\t\t\t\t\n\t\t\t\t\t\t\" Electricity Distribution and MCC Panels<br>\n\" Cable Pans and Ladders<br>\n\" Underfloor canal and boiler installations<br>\n\" UPS Installation<br>\n\" Sockets and Power Installations<br>\n\" Interior and Exterior Lighting Installations<br>\n\" Environmental Lighting Installation<br>\n\" Grounding and Lightning Protection Installation<br>\n\" Diesel Generator Group<br>\n\" Bus-Bar Installation<br>\n\" Compensation Facility\n\n\n\n\t\t\t\t\t\n\t\t\t\t\t<\/h4>\n\t\t\t\t\t\t\t\t\t\t\t\t\t\t\t<\/div>\t\r\n\t\t\t\r\n\t\t<\/div>\r\n\t<\/div>\t\r\n<\/div>\r\n\t\t<\/div>\n\t\t\t\t<\/div>\n\t\t\t\t\t<\/div>\n\t\t<\/div>\n\t\t\t\t<div class=\"elementor-column elementor-col-33 elementor-inner-column elementor-element elementor-element-30ef0b4\" data-id=\"30ef0b4\" data-element_type=\"column\">\n\t\t\t<div class=\"elementor-widget-wrap elementor-element-populated\">\n\t\t\t\t\t\t\t\t<div class=\"elementor-element elementor-element-9586646 elementor-widget elementor-widget-tm_icon_heading\" data-id=\"9586646\" data-element_type=\"widget\" data-widget_type=\"tm_icon_heading.default\">\n\t\t\t\t<div class=\"elementor-widget-container\">\n\t\t\t\r\n<div class=\"themetechmount-iconbox themetechmount-iconbox-style21 themetechmount-iconcolor-skincolor\">\r\n<div class=\"themetechmount-iconbox-inner\">\r\n\t\t<div class=\"tm-iconbox-wrapper\">\r\n\t\t\t<div class=\"themetechmount-iconbox-heading\">\r\n\t\t\t\t<h2 class=\"tm-custom-heading\">\n\t\t\t\t\t\n\t\t\t\t\t\tAutomation Systems\n\t\t\t\t\t\n\t\t\t\t\t<\/h2>\n\t\t\t\t\t\t\t\t<h4 class=\"tm-element-subheading\">\n\t\t\t\t\t\n\t\t\t\t\t\t\" KNX and Dali Automation Systems<br>\n\" Energy Automation Systems and Scada<br>\n\" BMS Systems<br>\n\n\t\t\t\t\t\n\t\t\t\t\t<\/h4>\n\t\t\t\t\t\t\t\t\t\t\t\t\t\t\t<\/div>\t\r\n\t\t\t\r\n\t\t<\/div>\r\n\t<\/div>\t\r\n<\/div>\r\n\t\t<\/div>\n\t\t\t\t<\/div>\n\t\t\t\t<div class=\"elementor-element elementor-element-0a7f988 elementor-widget elementor-widget-tm_icon_heading\" data-id=\"0a7f988\" data-element_type=\"widget\" data-widget_type=\"tm_icon_heading.default\">\n\t\t\t\t<div class=\"elementor-widget-container\">\n\t\t\t\r\n<div class=\"themetechmount-iconbox themetechmount-iconbox-style21 themetechmount-iconcolor-skincolor\">\r\n<div class=\"themetechmount-iconbox-inner\">\r\n\t\t<div class=\"tm-iconbox-wrapper\">\r\n\t\t\t<div class=\"themetechmount-iconbox-heading\">\r\n\t\t\t\t<h2 class=\"tm-custom-heading\">\n\t\t\t\t\t\n\t\t\t\t\t\tMedium Voltage and Salt Plants\n\t\t\t\t\t\n\t\t\t\t\t<\/h2>\n\t\t\t\t\t\t\t\t<h4 class=\"tm-element-subheading\">\n\t\t\t\t\t\n\t\t\t\t\t\t\" Installation and assembly of transformers <br>\n\" LV-MV Energy Infrastructure Works\n\n\t\t\t\t\t\n\t\t\t\t\t<\/h4>\n\t\t\t\t\t\t\t\t\t\t\t\t\t\t\t<\/div>\t\r\n\t\t\t\r\n\t\t<\/div>\r\n\t<\/div>\t\r\n<\/div>\r\n\t\t<\/div>\n\t\t\t\t<\/div>\n\t\t\t\t\t<\/div>\n\t\t<\/div>\n\t\t\t\t\t\t\t<\/div>\n\t\t<\/section>\n\t\t\t\t<div class=\"elementor-element elementor-element-1ed8b06 elementor-widget elementor-widget-spacer\" data-id=\"1ed8b06\" data-element_type=\"widget\" data-widget_type=\"spacer.default\">\n\t\t\t\t<div class=\"elementor-widget-container\">\n\t\t\t\t\t<div class=\"elementor-spacer\">\n\t\t\t<div class=\"elementor-spacer-inner\"><\/div>\n\t\t<\/div>\n\t\t\t\t<\/div>\n\t\t\t\t<\/div>\n\t\t\t\t<div class=\"elementor-element elementor-element-d3c3494 elementor-widget-divider--view-line elementor-widget elementor-widget-divider\" data-id=\"d3c3494\" data-element_type=\"widget\" data-widget_type=\"divider.default\">\n\t\t\t\t<div class=\"elementor-widget-container\">\n\t\t\t\t\t<div class=\"elementor-divider\">\n\t\t\t<span class=\"elementor-divider-separator\">\n\t\t\t\t\t\t<\/span>\n\t\t<\/div>\n\t\t\t\t<\/div>\n\t\t\t\t<\/div>\n\t\t\t\t<div class=\"elementor-element elementor-element-ea54802 elementor-widget elementor-widget-spacer\" data-id=\"ea54802\" data-element_type=\"widget\" data-widget_type=\"spacer.default\">\n\t\t\t\t<div class=\"elementor-widget-container\">\n\t\t\t\t\t<div class=\"elementor-spacer\">\n\t\t\t<div class=\"elementor-spacer-inner\"><\/div>\n\t\t<\/div>\n\t\t\t\t<\/div>\n\t\t\t\t<\/div>\n\t\t\t\t<section class=\"elementor-section elementor-inner-section elementor-element elementor-element-b5088f3 tm-column-break-ipad-no tm-col-stretched-none elementor-section-boxed elementor-section-height-default elementor-section-height-default\" data-id=\"b5088f3\" data-element_type=\"section\">\n\t\t\t\t\t\t<div class=\"elementor-container elementor-column-gap-default\">\n\t\t\t\t\t<div class=\"elementor-column elementor-col-25 elementor-inner-column elementor-element elementor-element-db19045\" data-id=\"db19045\" data-element_type=\"column\" data-settings=\"{&quot;background_background&quot;:&quot;classic&quot;}\">\n\t\t\t<div class=\"elementor-widget-wrap elementor-element-populated\">\n\t\t\t\t\t\t\t\t<div class=\"elementor-element elementor-element-ded8e9d elementor-position-top elementor-vertical-align-top elementor-widget elementor-widget-image-box\" data-id=\"ded8e9d\" data-element_type=\"widget\" data-widget_type=\"image-box.default\">\n\t\t\t\t<div class=\"elementor-widget-container\">\n\t\t\t<div class=\"elementor-image-box-wrapper\"><figure class=\"elementor-image-box-img\"><img loading=\"lazy\" width=\"900\" height=\"600\" src=\"https:\/\/ayelen.com.tr\/wp-content\/uploads\/2023\/11\/Elektrik-taahut.jpg\" class=\"attachment-full size-full\" alt=\"\" decoding=\"async\" srcset=\"https:\/\/ayelen.com.tr\/wp-content\/uploads\/2023\/11\/Elektrik-taahut.jpg 900w, https:\/\/ayelen.com.tr\/wp-content\/uploads\/2023\/11\/Elektrik-taahut-300x200.jpg 300w, https:\/\/ayelen.com.tr\/wp-content\/uploads\/2023\/11\/Elektrik-taahut-768x512.jpg 768w, https:\/\/ayelen.com.tr\/wp-content\/uploads\/2023\/11\/Elektrik-taahut-450x300.jpg 450w, https:\/\/ayelen.com.tr\/wp-content\/uploads\/2023\/11\/Elektrik-taahut-650x433.jpg 650w\" sizes=\"(max-width: 900px) 100vw, 900px\" data-id=\"534\" \/><\/figure><div class=\"elementor-image-box-content\"><h3 class=\"elementor-image-box-title\">Electrical Contracting<\/h3><\/div><\/div>\t\t<\/div>\n\t\t\t\t<\/div>\n\t\t\t\t\t<\/div>\n\t\t<\/div>\n\t\t\t\t<div class=\"elementor-column elementor-col-25 elementor-inner-column elementor-element elementor-element-1c4c604\" data-id=\"1c4c604\" data-element_type=\"column\" data-settings=\"{&quot;background_background&quot;:&quot;classic&quot;}\">\n\t\t\t<div class=\"elementor-widget-wrap elementor-element-populated\">\n\t\t\t\t\t\t\t\t<div class=\"elementor-element elementor-element-96b5427 elementor-position-top elementor-vertical-align-top elementor-widget elementor-widget-image-box\" data-id=\"96b5427\" data-element_type=\"widget\" data-widget_type=\"image-box.default\">\n\t\t\t\t<div class=\"elementor-widget-container\">\n\t\t\t<div class=\"elementor-image-box-wrapper\"><figure class=\"elementor-image-box-img\"><img loading=\"lazy\" width=\"900\" height=\"600\" src=\"https:\/\/ayelen.com.tr\/wp-content\/uploads\/2023\/11\/GES.jpg\" class=\"attachment-full size-full\" alt=\"\" decoding=\"async\" srcset=\"https:\/\/ayelen.com.tr\/wp-content\/uploads\/2023\/11\/GES.jpg 900w, https:\/\/ayelen.com.tr\/wp-content\/uploads\/2023\/11\/GES-300x200.jpg 300w, https:\/\/ayelen.com.tr\/wp-content\/uploads\/2023\/11\/GES-768x512.jpg 768w, https:\/\/ayelen.com.tr\/wp-content\/uploads\/2023\/11\/GES-450x300.jpg 450w, https:\/\/ayelen.com.tr\/wp-content\/uploads\/2023\/11\/GES-650x433.jpg 650w\" sizes=\"(max-width: 900px) 100vw, 900px\" data-id=\"535\" \/><\/figure><div class=\"elementor-image-box-content\"><h3 class=\"elementor-image-box-title\">Electrical Project<\/h3><\/div><\/div>\t\t<\/div>\n\t\t\t\t<\/div>\n\t\t\t\t\t<\/div>\n\t\t<\/div>\n\t\t\t\t<div class=\"elementor-column elementor-col-25 elementor-inner-column elementor-element elementor-element-94deee5\" data-id=\"94deee5\" data-element_type=\"column\" data-settings=\"{&quot;background_background&quot;:&quot;classic&quot;}\">\n\t\t\t<div class=\"elementor-widget-wrap elementor-element-populated\">\n\t\t\t\t\t\t\t\t<div class=\"elementor-element elementor-element-b29f098 elementor-position-top elementor-vertical-align-top elementor-widget elementor-widget-image-box\" data-id=\"b29f098\" data-element_type=\"widget\" data-widget_type=\"image-box.default\">\n\t\t\t\t<div class=\"elementor-widget-container\">\n\t\t\t<div class=\"elementor-image-box-wrapper\"><figure class=\"elementor-image-box-img\"><img loading=\"lazy\" width=\"900\" height=\"600\" src=\"https:\/\/ayelen.com.tr\/wp-content\/uploads\/2023\/11\/elektirik-porje.jpg\" class=\"attachment-full size-full\" alt=\"\" decoding=\"async\" srcset=\"https:\/\/ayelen.com.tr\/wp-content\/uploads\/2023\/11\/elektirik-porje.jpg 900w, https:\/\/ayelen.com.tr\/wp-content\/uploads\/2023\/11\/elektirik-porje-300x200.jpg 300w, https:\/\/ayelen.com.tr\/wp-content\/uploads\/2023\/11\/elektirik-porje-768x512.jpg 768w, https:\/\/ayelen.com.tr\/wp-content\/uploads\/2023\/11\/elektirik-porje-450x300.jpg 450w, https:\/\/ayelen.com.tr\/wp-content\/uploads\/2023\/11\/elektirik-porje-650x433.jpg 650w\" sizes=\"(max-width: 900px) 100vw, 900px\" data-id=\"533\" \/><\/figure><div class=\"elementor-image-box-content\"><h3 class=\"elementor-image-box-title\">G\u00fcne\u015f Enerji Ssstemi<\/h3><\/div><\/div>\t\t<\/div>\n\t\t\t\t<\/div>\n\t\t\t\t\t<\/div>\n\t\t<\/div>\n\t\t\t\t<div class=\"elementor-column elementor-col-25 elementor-inner-column elementor-element elementor-element-667baa4\" data-id=\"667baa4\" data-element_type=\"column\" data-settings=\"{&quot;background_background&quot;:&quot;classic&quot;}\">\n\t\t\t<div class=\"elementor-widget-wrap elementor-element-populated\">\n\t\t\t\t\t\t\t\t<div class=\"elementor-element elementor-element-f8a81e0 elementor-position-top elementor-vertical-align-top elementor-widget elementor-widget-image-box\" data-id=\"f8a81e0\" data-element_type=\"widget\" data-widget_type=\"image-box.default\">\n\t\t\t\t<div class=\"elementor-widget-container\">\n\t\t\t<div class=\"elementor-image-box-wrapper\"><figure class=\"elementor-image-box-img\"><img loading=\"lazy\" width=\"900\" height=\"600\" src=\"https:\/\/ayelen.com.tr\/wp-content\/uploads\/2023\/11\/GES-sarj.jpg\" class=\"attachment-full size-full\" alt=\"\" decoding=\"async\" srcset=\"https:\/\/ayelen.com.tr\/wp-content\/uploads\/2023\/11\/GES-sarj.jpg 900w, https:\/\/ayelen.com.tr\/wp-content\/uploads\/2023\/11\/GES-sarj-300x200.jpg 300w, https:\/\/ayelen.com.tr\/wp-content\/uploads\/2023\/11\/GES-sarj-768x512.jpg 768w, https:\/\/ayelen.com.tr\/wp-content\/uploads\/2023\/11\/GES-sarj-450x300.jpg 450w, https:\/\/ayelen.com.tr\/wp-content\/uploads\/2023\/11\/GES-sarj-650x433.jpg 650w\" sizes=\"(max-width: 900px) 100vw, 900px\" data-id=\"536\" \/><\/figure><div class=\"elementor-image-box-content\"><h3 class=\"elementor-image-box-title\">Vehicle Charger<\/h3><\/div><\/div>\t\t<\/div>\n\t\t\t\t<\/div>\n\t\t\t\t\t<\/div>\n\t\t<\/div>\n\t\t\t\t\t\t\t<\/div>\n\t\t<\/section>\n\t\t\t\t\t<\/div>\n\t\t<\/div>\n\t\t\t\t\t\t\t<\/div>\n\t\t<\/section>\n\t\t\t\t\t\t<\/div>\n\t\t\t\t\t<\/div>","protected":false},"excerpt":{"rendered":"<p>Faaliyet Alanlar\u0131m\u0131z Zay\u0131f Ak\u0131m Sistemleri \u00bb Yap\u0131sal Kablolama \u00bb Data ve Telefon Tesisatlar\u0131 \u00bb CCTV Sistemi \u00bb Seslendirme ve Acil Anons Sistemi \u00bb Yang\u0131n Alg\u0131lama Sistemi \u00bb Ge\u00e7is Kontrol ve G\u00fcvenlik Sistemi \u00bb Bina Otomasyonu ve Ak\u0131ll\u0131 Bina Sistemleri \u00bb Interkom ve \u00c7a\u011fri Sistemi Al\u00e7ak Gerilim Enerji Da\u011f\u0131t\u0131m Sistemleri \u00bb Elektrik Dagitim ve MCC Panolar\u0131 &hellip; <a href=\"https:\/\/ayelen.com.tr\/en\/hizmetlerimiz\/\" class=\"more-link\">Continue reading <span class=\"screen-reader-text\">OUR SERVICES<\/span><\/a><\/p>","protected":false},"author":1,"featured_media":0,"parent":0,"menu_order":0,"comment_status":"closed","ping_status":"closed","template":"","meta":{"footnotes":""},"_links":{"self":[{"href":"https:\/\/ayelen.com.tr\/en\/wp-json\/wp\/v2\/pages\/165"}],"collection":[{"href":"https:\/\/ayelen.com.tr\/en\/wp-json\/wp\/v2\/pages"}],"about":[{"href":"https:\/\/ayelen.com.tr\/en\/wp-json\/wp\/v2\/types\/page"}],"author":[{"embeddable":true,"href":"https:\/\/ayelen.com.tr\/en\/wp-json\/wp\/v2\/users\/1"}],"replies":[{"embeddable":true,"href":"https:\/\/ayelen.com.tr\/en\/wp-json\/wp\/v2\/comments?post=165"}],"version-history":[{"count":4,"href":"https:\/\/ayelen.com.tr\/en\/wp-json\/wp\/v2\/pages\/165\/revisions"}],"predecessor-version":[{"id":598,"href":"https:\/\/ayelen.com.tr\/en\/wp-json\/wp\/v2\/pages\/165\/revisions\/598"}],"wp:attachment":[{"href":"https:\/\/ayelen.com.tr\/en\/wp-json\/wp\/v2\/media?parent=165"}],"curies":[{"name":"wp","href":"https:\/\/api.w.org\/{rel}","templated":true}]}}