{"id":151,"date":"2023-11-01T20:45:32","date_gmt":"2023-11-01T17:45:32","guid":{"rendered":"https:\/\/ayelen.com.tr\/?page_id=151"},"modified":"2023-11-06T16:10:01","modified_gmt":"2023-11-06T13:10:01","slug":"kurumsal","status":"publish","type":"page","link":"https:\/\/ayelen.com.tr\/en\/kurumsal\/","title":{"rendered":"CORPORATE"},"content":{"rendered":"<div data-elementor-type=\"wp-page\" data-elementor-id=\"151\" class=\"elementor elementor-151\" data-elementor-settings=\"[]\">\n\t\t\t\t\t\t\t<div class=\"elementor-section-wrap\">\n\t\t\t\t\t\t\t<section class=\"elementor-section elementor-top-section elementor-element elementor-element-6dec9ca tm-column-break-ipad-no tm-col-stretched-none elementor-section-boxed elementor-section-height-default elementor-section-height-default\" data-id=\"6dec9ca\" data-element_type=\"section\">\n\t\t\t\t\t\t<div class=\"elementor-container elementor-column-gap-default\">\n\t\t\t\t\t<div class=\"elementor-column elementor-col-50 elementor-top-column elementor-element elementor-element-c04f1a0\" data-id=\"c04f1a0\" data-element_type=\"column\">\n\t\t\t<div class=\"elementor-widget-wrap elementor-element-populated\">\n\t\t\t\t\t\t\t\t<div class=\"elementor-element elementor-element-8913b80 elementor-widget elementor-widget-text-editor\" data-id=\"8913b80\" data-element_type=\"widget\" data-widget_type=\"text-editor.default\">\n\t\t\t\t<div class=\"elementor-widget-container\">\n\t\t\t\t\t<div class=\"elementor-text-editor elementor-clearfix\"><blockquote><p>AYELEN is a well-established company that has been operating in the design and implementation of electrical installation infrastructure and superstructure projects since 2007. Closely following the rapidly developing technology and successfully implementing these developments in its projects, AYELEN always fulfils its commitment to providing the most suitable solutions to its customers.<\/p><\/blockquote><p>One of the prominent features of AYELEN is to make detailed benefit\/cost analyses of the special systems to be designed. This approach allows them to offer economical and efficient solutions to their customers. AYELEN has adopted the principle of realizing the project designs and applications of all kinds of electrical internal installation and infrastructure systems required by the construction sector in the most economical way.<\/p><blockquote><p>AYELEN has the mission to implement the projects designed by thinking in three dimensions smoothly with its experienced and expert technical staff. Thanks to this, it has signed many successful projects and has met the expectations of its customers at the highest level.<\/p><\/blockquote><p>If you are looking for an expert partner in your electrical installation infrastructure and superstructure projects, AYELEN is an ideal option for you. With its quality service, technological innovations and customer-oriented approach, AYELEN is here to realize your projects in the best way.<\/p><blockquote><p>If you are looking for an expert partner in your electrical installation infrastructure and superstructure projects, AYELEN is an ideal option for you. With its quality service, technological innovations and customer-oriented approach, AYELEN is here to realize your projects in the best way.<\/p><\/blockquote><\/div>\n\t\t\t\t<\/div>\n\t\t\t\t<\/div>\n\t\t\t\t\t<\/div>\n\t\t<\/div>\n\t\t\t\t<div class=\"elementor-column elementor-col-50 elementor-top-column elementor-element elementor-element-7d7abde\" data-id=\"7d7abde\" data-element_type=\"column\">\n\t\t\t<div class=\"elementor-widget-wrap elementor-element-populated\">\n\t\t\t\t\t\t\t\t<div class=\"elementor-element elementor-element-f39ed06 elementor-widget elementor-widget-spacer\" data-id=\"f39ed06\" data-element_type=\"widget\" data-widget_type=\"spacer.default\">\n\t\t\t\t<div class=\"elementor-widget-container\">\n\t\t\t\t\t<div class=\"elementor-spacer\">\n\t\t\t<div class=\"elementor-spacer-inner\"><\/div>\n\t\t<\/div>\n\t\t\t\t<\/div>\n\t\t\t\t<\/div>\n\t\t\t\t<div class=\"elementor-element elementor-element-f8e36aa elementor-widget elementor-widget-image\" data-id=\"f8e36aa\" data-element_type=\"widget\" data-widget_type=\"image.default\">\n\t\t\t\t<div class=\"elementor-widget-container\">\n\t\t\t\t\t<div class=\"elementor-image\">\n\t\t\t\t\t\t\t\t\t\t<img loading=\"lazy\" width=\"731\" height=\"1024\" src=\"https:\/\/ayelen.com.tr\/wp-content\/uploads\/2023\/11\/ayelen-kurumsal-1-731x1024.jpg\" class=\"attachment-large size-large\" alt=\"\" decoding=\"async\" srcset=\"https:\/\/ayelen.com.tr\/wp-content\/uploads\/2023\/11\/ayelen-kurumsal-1-731x1024.jpg 731w, https:\/\/ayelen.com.tr\/wp-content\/uploads\/2023\/11\/ayelen-kurumsal-1-214x300.jpg 214w, https:\/\/ayelen.com.tr\/wp-content\/uploads\/2023\/11\/ayelen-kurumsal-1-768x1075.jpg 768w, https:\/\/ayelen.com.tr\/wp-content\/uploads\/2023\/11\/ayelen-kurumsal-1-1097x1536.jpg 1097w, https:\/\/ayelen.com.tr\/wp-content\/uploads\/2023\/11\/ayelen-kurumsal-1-364x510.jpg 364w, https:\/\/ayelen.com.tr\/wp-content\/uploads\/2023\/11\/ayelen-kurumsal-1.jpg 1309w\" sizes=\"(max-width: 731px) 100vw, 731px\" data-id=\"584\" \/>\t\t\t\t\t\t\t\t\t\t\t<\/div>\n\t\t\t\t<\/div>\n\t\t\t\t<\/div>\n\t\t\t\t\t<\/div>\n\t\t<\/div>\n\t\t\t\t\t\t\t<\/div>\n\t\t<\/section>\n\t\t\t\t\t\t<\/div>\n\t\t\t\t\t<\/div>","protected":false},"excerpt":{"rendered":"<p>AYELEN, 2007 y\u0131l\u0131ndan bu yana elektrik tesisat\u0131 altyap\u0131 ve \u00fcst yap\u0131 projelerinin tasar\u0131m ve uygulama konular\u0131nda faaliyet g\u00f6steren k\u00f6kl\u00fc bir \u015firkettir. H\u0131zla geli\u015fen teknolojiyi yak\u0131ndan takip eden ve bu geli\u015fmeleri projelerinde ba\u015far\u0131yla uygulayan AYELEN, m\u00fc\u015fterilerine en uygun \u00e7\u00f6z\u00fcmleri sunma konusundaki taahh\u00fcd\u00fcn\u00fc her zaman yerine getirmektedir. AYELEN&#8217;in en b\u00fcy\u00fck \u00f6zelliklerinden biri, tasarlad\u0131\u011f\u0131 \u00f6zel sistemlerin fayda\/maliyet analizlerini &hellip; <a href=\"https:\/\/ayelen.com.tr\/en\/kurumsal\/\" class=\"more-link\">Continue reading <span class=\"screen-reader-text\">CORPORATE<\/span><\/a><\/p>","protected":false},"author":1,"featured_media":0,"parent":0,"menu_order":0,"comment_status":"closed","ping_status":"closed","template":"","meta":{"footnotes":""},"_links":{"self":[{"href":"https:\/\/ayelen.com.tr\/en\/wp-json\/wp\/v2\/pages\/151"}],"collection":[{"href":"https:\/\/ayelen.com.tr\/en\/wp-json\/wp\/v2\/pages"}],"about":[{"href":"https:\/\/ayelen.com.tr\/en\/wp-json\/wp\/v2\/types\/page"}],"author":[{"embeddable":true,"href":"https:\/\/ayelen.com.tr\/en\/wp-json\/wp\/v2\/users\/1"}],"replies":[{"embeddable":true,"href":"https:\/\/ayelen.com.tr\/en\/wp-json\/wp\/v2\/comments?post=151"}],"version-history":[{"count":13,"href":"https:\/\/ayelen.com.tr\/en\/wp-json\/wp\/v2\/pages\/151\/revisions"}],"predecessor-version":[{"id":589,"href":"https:\/\/ayelen.com.tr\/en\/wp-json\/wp\/v2\/pages\/151\/revisions\/589"}],"wp:attachment":[{"href":"https:\/\/ayelen.com.tr\/en\/wp-json\/wp\/v2\/media?parent=151"}],"curies":[{"name":"wp","href":"https:\/\/api.w.org\/{rel}","templated":true}]}}